{"id":58,"date":"2017-05-02T12:41:10","date_gmt":"2017-05-02T10:41:10","guid":{"rendered":"http:\/\/autoyacht.pl\/?page_id=58"},"modified":"2020-02-16T18:40:46","modified_gmt":"2020-02-16T17:40:46","slug":"filmy","status":"publish","type":"page","link":"http:\/\/autoyacht.pl\/de\/filmy\/","title":{"rendered":"Kino"},"content":{"rendered":"<p>[vc_row][vc_column][vc_column_text]Zaprzaszam do ogl\u0105dni\u0119cia kr\u00f3tkich filmik\u00f3w prezentuj\u0105cych jachty przygotowane przeze mnie do transportu:[\/vc_column_text][vc_empty_space][\/vc_column][\/vc_row][vc_row][vc_column width=&#8220;1\/2&#8243;][vc_video link=&#8220;https:\/\/www.youtube.com\/watch?v=om8NseIidK0&#8243; align=&#8220;center&#8220;][vc_column_text]<\/p>\n<h5 style=\"text-align: center;\">Transport jachtu mot. z przyczep\u0105 FOUR Winns 245 Vista, LUBIN &#8211; MARSYLIA Francja<\/h5>\n<p>[\/vc_column_text][vc_empty_space][\/vc_column][vc_column width=&#8220;1\/2&#8243;][vc_video link=&#8220;https:\/\/www.youtube.com\/watch?v=c9RxDS37rY8&#8243; align=&#8220;center&#8220;][vc_column_text]<\/p>\n<h5 style=\"text-align: center;\">Transport jachtu regatowego &#8222;HALS team&#8220; z SZCZECINA do Dobra \/ Domasa S\u0141OWACJA<\/h5>\n<p>[\/vc_column_text][\/vc_column][\/vc_row]<\/p>\n","protected":false},"excerpt":{"rendered":"<p>[vc_row][vc_column][vc_column_text]Zaprzaszam do ogl\u0105dni\u0119cia kr\u00f3tkich filmik\u00f3w prezentuj\u0105cych jachty przygotowane przeze mnie do transportu:[\/vc_column_text][vc_empty_space][\/vc_column][\/vc_row][vc_row][vc_column width=&#8220;1\/2&#8243;][vc_video link=&#8220;https:\/\/www.youtube.com\/watch?v=om8NseIidK0&#8243; align=&#8220;center&#8220;][vc_column_text] Transport jachtu mot. z przyczep\u0105 FOUR Winns 245 Vista, LUBIN &#8211; MARSYLIA Francja [\/vc_column_text][vc_empty_space][\/vc_column][vc_column width=&#8220;1\/2&#8243;][vc_video link=&#8220;https:\/\/www.youtube.com\/watch?v=c9RxDS37rY8&#8243; align=&#8220;center&#8220;][vc_column_text] Transport jachtu regatowego &#8222;HALS team&#8220; z SZCZECINA do Dobra \/ Domasa S\u0141OWACJA [\/vc_column_text][\/vc_column][\/vc_row]<\/p>\n","protected":false},"author":1,"featured_media":0,"parent":0,"menu_order":0,"comment_status":"closed","ping_status":"closed","template":"","meta":{"footnotes":""},"class_list":["post-58","page","type-page","status-publish","hentry","description-off"],"yoast_head":"<!-- This site is optimized with the Yoast SEO plugin v27.4 - https:\/\/yoast.com\/product\/yoast-seo-wordpress\/ -->\n<title>Kino<\/title>\n<meta name=\"robots\" content=\"index, follow, max-snippet:-1, max-image-preview:large, max-video-preview:-1\" \/>\n<link rel=\"canonical\" href=\"https:\/\/autoyacht.pl\/filmy\/\" \/>\n<meta property=\"og:locale\" content=\"de_DE\" \/>\n<meta property=\"og:locale:alternate\" content=\"pl_PL\" \/>\n<meta property=\"og:locale:alternate\" content=\"en_GB\" \/>\n<meta property=\"og:type\" content=\"article\" \/>\n<meta property=\"og:title\" content=\"Kino\" \/>\n<meta property=\"og:description\" content=\"[vc_row][vc_column][vc_column_text]Zaprzaszam do ogl\u0105dni\u0119cia kr\u00f3tkich filmik\u00f3w prezentuj\u0105cych jachty przygotowane przeze mnie do transportu:[\/vc_column_text][vc_empty_space][\/vc_column][\/vc_row][vc_row][vc_column width=&#8220;1\/2&#8243;][vc_video link=&#8220;https:\/\/www.youtube.com\/watch?v=om8NseIidK0&#8243; align=&#8220;center&#8220;][vc_column_text] Transport jachtu mot. z przyczep\u0105 FOUR Winns 245 Vista, LUBIN &#8211; MARSYLIA Francja [\/vc_column_text][vc_empty_space][\/vc_column][vc_column width=&#8220;1\/2&#8243;][vc_video link=&#8220;https:\/\/www.youtube.com\/watch?v=c9RxDS37rY8&#8243; align=&#8220;center&#8220;][vc_column_text] Transport jachtu regatowego &#8222;HALS team&#8220; z SZCZECINA do Dobra \/ Domasa S\u0141OWACJA [\/vc_column_text][\/vc_column][\/vc_row]\" \/>\n<meta property=\"og:url\" content=\"http:\/\/autoyacht.pl\/de\/filmy\/\" \/>\n<meta property=\"og:site_name\" content=\"Auto-Yacht Transport Zenon Szyma\u0144ski\" \/>\n<meta property=\"article:modified_time\" content=\"2020-02-16T17:40:46+00:00\" \/>\n<meta name=\"twitter:card\" content=\"summary_large_image\" \/>\n<meta name=\"twitter:label1\" content=\"Gesch\u00e4tzte Lesezeit\" \/>\n\t<meta name=\"twitter:data1\" content=\"2\u00a0Minuten\" \/>\n<script type=\"application\/ld+json\" class=\"yoast-schema-graph\">{\"@context\":\"https:\\\/\\\/schema.org\",\"@graph\":[{\"@type\":\"WebPage\",\"@id\":\"https:\\\/\\\/autoyacht.pl\\\/filmy\\\/\",\"url\":\"https:\\\/\\\/autoyacht.pl\\\/filmy\\\/\",\"name\":\"Kino\",\"isPartOf\":{\"@id\":\"https:\\\/\\\/autoyacht.pl\\\/de\\\/#website\"},\"datePublished\":\"2017-05-02T10:41:10+00:00\",\"dateModified\":\"2020-02-16T17:40:46+00:00\",\"breadcrumb\":{\"@id\":\"https:\\\/\\\/autoyacht.pl\\\/filmy\\\/#breadcrumb\"},\"inLanguage\":\"de-DE\",\"potentialAction\":[{\"@type\":\"ReadAction\",\"target\":[\"https:\\\/\\\/autoyacht.pl\\\/filmy\\\/\"]}]},{\"@type\":\"BreadcrumbList\",\"@id\":\"https:\\\/\\\/autoyacht.pl\\\/filmy\\\/#breadcrumb\",\"itemListElement\":[{\"@type\":\"ListItem\",\"position\":1,\"name\":\"Strona g\u0142\u00f3wna\",\"item\":\"https:\\\/\\\/autoyacht.pl\\\/de\\\/\"},{\"@type\":\"ListItem\",\"position\":2,\"name\":\"Filmy\"}]},{\"@type\":\"WebSite\",\"@id\":\"https:\\\/\\\/autoyacht.pl\\\/de\\\/#website\",\"url\":\"https:\\\/\\\/autoyacht.pl\\\/de\\\/\",\"name\":\"Auto-Yacht Transport Zenon Szyma\u0144ski\",\"description\":\"Transport jacht\u00f3w i \u0142odzi, oraz produkcja stojak\u00f3w i w\u00f3zk\u00f3w do zimowania\",\"potentialAction\":[{\"@type\":\"SearchAction\",\"target\":{\"@type\":\"EntryPoint\",\"urlTemplate\":\"https:\\\/\\\/autoyacht.pl\\\/de\\\/?s={search_term_string}\"},\"query-input\":{\"@type\":\"PropertyValueSpecification\",\"valueRequired\":true,\"valueName\":\"search_term_string\"}}],\"inLanguage\":\"de-DE\"}]}<\/script>\n<!-- \/ Yoast SEO plugin. -->","yoast_head_json":{"title":"Kino","robots":{"index":"index","follow":"follow","max-snippet":"max-snippet:-1","max-image-preview":"max-image-preview:large","max-video-preview":"max-video-preview:-1"},"canonical":"https:\/\/autoyacht.pl\/filmy\/","og_locale":"de_DE","og_type":"article","og_title":"[:pl]Filmy[:en]Movies[:de]Kino[:] - Auto-Yacht Transport Zenon Szyma\u0144ski","og_description":"[vc_row][vc_column][vc_column_text]Zaprzaszam do ogl\u0105dni\u0119cia kr\u00f3tkich filmik\u00f3w prezentuj\u0105cych jachty przygotowane przeze mnie do transportu:[\/vc_column_text][vc_empty_space][\/vc_column][\/vc_row][vc_row][vc_column width=&#8220;1\/2&#8243;][vc_video link=&#8220;https:\/\/www.youtube.com\/watch?v=om8NseIidK0&#8243; align=&#8220;center&#8220;][vc_column_text] Transport jachtu mot. z przyczep\u0105 FOUR Winns 245 Vista, LUBIN &#8211; MARSYLIA Francja [\/vc_column_text][vc_empty_space][\/vc_column][vc_column width=&#8220;1\/2&#8243;][vc_video link=&#8220;https:\/\/www.youtube.com\/watch?v=c9RxDS37rY8&#8243; align=&#8220;center&#8220;][vc_column_text] Transport jachtu regatowego &#8222;HALS team&#8220; z SZCZECINA do Dobra \/ Domasa S\u0141OWACJA [\/vc_column_text][\/vc_column][\/vc_row]","og_url":"http:\/\/autoyacht.pl\/de\/filmy\/","og_site_name":"Auto-Yacht Transport Zenon Szyma\u0144ski","article_modified_time":"2020-02-16T17:40:46+00:00","twitter_card":"summary_large_image","twitter_misc":{"Gesch\u00e4tzte Lesezeit":"2\u00a0Minuten"},"schema":{"@context":"https:\/\/schema.org","@graph":[{"@type":"WebPage","@id":"https:\/\/autoyacht.pl\/filmy\/","url":"https:\/\/autoyacht.pl\/filmy\/","name":"Kino","isPartOf":{"@id":"https:\/\/autoyacht.pl\/de\/#website"},"datePublished":"2017-05-02T10:41:10+00:00","dateModified":"2020-02-16T17:40:46+00:00","breadcrumb":{"@id":"https:\/\/autoyacht.pl\/filmy\/#breadcrumb"},"inLanguage":"de-DE","potentialAction":[{"@type":"ReadAction","target":["https:\/\/autoyacht.pl\/filmy\/"]}]},{"@type":"BreadcrumbList","@id":"https:\/\/autoyacht.pl\/filmy\/#breadcrumb","itemListElement":[{"@type":"ListItem","position":1,"name":"Strona g\u0142\u00f3wna","item":"https:\/\/autoyacht.pl\/de\/"},{"@type":"ListItem","position":2,"name":"Filmy"}]},{"@type":"WebSite","@id":"https:\/\/autoyacht.pl\/de\/#website","url":"https:\/\/autoyacht.pl\/de\/","name":"Auto-Yacht Transport Zenon Szyma\u0144ski","description":"Transport jacht\u00f3w i \u0142odzi, oraz produkcja stojak\u00f3w i w\u00f3zk\u00f3w do zimowania","potentialAction":[{"@type":"SearchAction","target":{"@type":"EntryPoint","urlTemplate":"https:\/\/autoyacht.pl\/de\/?s={search_term_string}"},"query-input":{"@type":"PropertyValueSpecification","valueRequired":true,"valueName":"search_term_string"}}],"inLanguage":"de-DE"}]}},"_links":{"self":[{"href":"http:\/\/autoyacht.pl\/de\/wp-json\/wp\/v2\/pages\/58","targetHints":{"allow":["GET"]}}],"collection":[{"href":"http:\/\/autoyacht.pl\/de\/wp-json\/wp\/v2\/pages"}],"about":[{"href":"http:\/\/autoyacht.pl\/de\/wp-json\/wp\/v2\/types\/page"}],"author":[{"embeddable":true,"href":"http:\/\/autoyacht.pl\/de\/wp-json\/wp\/v2\/users\/1"}],"replies":[{"embeddable":true,"href":"http:\/\/autoyacht.pl\/de\/wp-json\/wp\/v2\/comments?post=58"}],"version-history":[{"count":16,"href":"http:\/\/autoyacht.pl\/de\/wp-json\/wp\/v2\/pages\/58\/revisions"}],"predecessor-version":[{"id":2127,"href":"http:\/\/autoyacht.pl\/de\/wp-json\/wp\/v2\/pages\/58\/revisions\/2127"}],"wp:attachment":[{"href":"http:\/\/autoyacht.pl\/de\/wp-json\/wp\/v2\/media?parent=58"}],"curies":[{"name":"wp","href":"https:\/\/api.w.org\/{rel}","templated":true}]}}