{"id":2,"date":"2017-03-22T15:41:05","date_gmt":"2017-03-22T14:41:05","guid":{"rendered":"http:\/\/autoyacht.pl\/?page_id=2"},"modified":"2020-02-13T18:13:45","modified_gmt":"2020-02-13T17:13:45","slug":"oferta","status":"publish","type":"page","link":"http:\/\/autoyacht.pl\/en\/","title":{"rendered":"Offer"},"content":{"rendered":"<p>[vc_row][vc_column width=&#8221;1\/2&#8243;][vc_column_text]<\/p>\n<h3>Transport services of yachts and motor boats<\/h3>\n<p>The Auto-Yacht company provides services related to <strong>the transport of: keel, ballast and sword boats, motor boats<\/strong>.<\/p>\n<p><span style=\"color: #ff0000;\"><strong>We provide a quote and any additional information in response to an inquiry that we expect by phone or email (<a style=\"color: #ff0000;\" href=\"..\/en\/kontakt\/\"> contact <\/a>).<\/strong><\/span><\/p>\n<p>Our experience in road transport dates back over a dozen years, thousands of kilometers traveled throughout Europe, hundreds of transported yachts and motor boats. I am actively sailing in my free time, sailing gives us knowledge about the needs of water sports enthusiasts who want to transport yachts and boats.[\/vc_column_text][vc_empty_space][\/vc_column][vc_column width=&#8221;1\/2&#8243;][vc_single_image image=&#8221;945&#8243; img_size=&#8221;full&#8221; alignment=&#8221;center&#8221;][vc_empty_space][\/vc_column][\/vc_row][vc_row][vc_column][vc_empty_space][\/vc_column][\/vc_row][vc_row][vc_column width=&#8221;1\/3&#8243;][vc_single_image image=&#8221;1538&#8243; img_size=&#8221;full&#8221; alignment=&#8221;center&#8221;][vc_empty_space][\/vc_column][vc_column width=&#8221;2\/3&#8243;][vc_column_text]<\/p>\n<h3>Specialized equipment for transporting yachts and motor boats<\/h3>\n<p>We have an <strong> IVECO DAILY car and specialist trailers <\/strong> designed for transporting yachts and boats with a mass of <strong> up to 3.5 tonnes.<\/strong><\/p>\n<p>Our trailers <strong>have been designed for transporting yachts and boats<\/strong>. <strong>They are maintained in exemplary condition, possess many additional elements allowing them to be adapted to different types of yachts and boats<\/strong>. All this affects safety during transport and is paramount to us.[\/vc_column_text][vc_empty_space][\/vc_column][\/vc_row][vc_row][vc_column][vc_empty_space][\/vc_column][\/vc_row][vc_row][vc_column width=&#8221;2\/3&#8243;][vc_column_text]<\/p>\n<h3>Production of dock trailers and yacht winter stands<\/h3>\n<p>The company also deals with <span class=\"bold\"> production of harbor trailers for yachts <\/ span>, as well as <span class=\"bold\"> stands for wintering yachts <\/ span>. Examples of our production are available to view in <a href=\"..\/en\/galeria\/\" target=\"_parent\" rel=\"noopener noreferrer\">gallery<\/a>.<\/span><\/span><\/p>\n<p>[\/vc_column_text][vc_empty_space][\/vc_column][vc_column width=&#8221;1\/3&#8243;][vc_single_image image=&#8221;1378&#8243; img_size=&#8221;full&#8221; alignment=&#8221;center&#8221;][vc_empty_space][\/vc_column][\/vc_row][vc_row][vc_column][vc_empty_space][vc_column_text]<\/p>\n<h3>Insurance and entitlements<\/h3>\n<p>Our boat transport activity is covered by <span class=\"bold\"> OCP insurance up to EUR 150,000 in domestic and foreign transport<\/span>. I provide the policy on request for inspection (<a href=\"http:\/\/autoyacht.pl\/wp-content\/uploads\/2018\/03\/dowod_ubezp_2013.jpg\" target=\"_blank\" rel=\"noopener noreferrer\"> click <\/a>).<\/p>\n<p>&nbsp;<\/p>\n<p><u> <b> The company has permissions: <\/b><\/u><\/p>\n<p>&#8211; Certificate for transporting boats to a width of 3.00 meters<\/p>\n<p>&#8211; Certificate No. 00885 \/ TR \/ 13 Professional Competence in Road Transport of Things<\/p>\n<p>&#8211; License No. TU-036141 concerning the international Income way of carriage of goods by road.<\/p>\n<p>&nbsp;<\/p>\n<p>I invite you to watch my gallery, which we will periodically fill with photos from new orders (<a href=\"http:\/\/autoyacht.pl\/pl\/galeria\/\"> gallery <\/a>).[\/vc_column_text][\/vc_column][\/vc_row]<\/p>\n","protected":false},"excerpt":{"rendered":"<p>[vc_row][vc_column width=&#8221;1\/2&#8243;][vc_column_text] Transport services of yachts and motor boats The Auto-Yacht company provides services related to the transport of: keel, ballast and sword boats, motor boats. We provide a quote and any additional information in response to an inquiry that we expect by phone or email ( contact ). Our experience in road transport dates&hellip;<\/p>\n","protected":false},"author":1,"featured_media":0,"parent":0,"menu_order":0,"comment_status":"closed","ping_status":"closed","template":"","meta":{"footnotes":""},"class_list":["post-2","page","type-page","status-publish","hentry","description-off"],"yoast_head":"<!-- This site is optimized with the Yoast SEO plugin v27.6 - https:\/\/yoast.com\/product\/yoast-seo-wordpress\/ -->\n<title>Offer<\/title>\n<meta name=\"description\" content=\"Profesjonalny transport jacht\u00f3w i \u0142odzi motorowych oraz produkcja stojak\u00f3w pod jachty i \u0142odzie motorowe. Transport jacht\u00f3w po ca\u0142ej Europie, atrakcyjne ceny\" \/>\n<meta name=\"robots\" content=\"index, follow, max-snippet:-1, max-image-preview:large, max-video-preview:-1\" \/>\n<link rel=\"canonical\" href=\"http:\/\/autoyacht.pl\/en\/\" \/>\n<meta property=\"og:locale\" content=\"en_GB\" \/>\n<meta property=\"og:locale:alternate\" content=\"pl_PL\" \/>\n<meta property=\"og:locale:alternate\" content=\"de_DE\" \/>\n<meta property=\"og:type\" content=\"article\" \/>\n<meta property=\"og:title\" content=\"Offer\" \/>\n<meta property=\"og:description\" content=\"Profesjonalny transport jacht\u00f3w i \u0142odzi motorowych oraz produkcja stojak\u00f3w pod jachty i \u0142odzie motorowe. Transport jacht\u00f3w po ca\u0142ej Europie, atrakcyjne ceny\" \/>\n<meta property=\"og:url\" content=\"http:\/\/autoyacht.pl\/en\/\" \/>\n<meta property=\"og:site_name\" content=\"Auto-Yacht Transport Zenon Szyma\u0144ski\" \/>\n<meta property=\"article:modified_time\" content=\"2020-02-13T17:13:45+00:00\" \/>\n<meta name=\"twitter:card\" content=\"summary_large_image\" \/>\n<meta name=\"twitter:label1\" content=\"Estimated reading time\" \/>\n\t<meta name=\"twitter:data1\" content=\"6 minutes\" \/>\n<script type=\"application\/ld+json\" class=\"yoast-schema-graph\">{\"@context\":\"https:\\\/\\\/schema.org\",\"@graph\":[{\"@type\":\"WebPage\",\"@id\":\"http:\\\/\\\/autoyacht.pl\\\/en\\\/\",\"url\":\"http:\\\/\\\/autoyacht.pl\\\/en\\\/\",\"name\":\"Offer\",\"isPartOf\":{\"@id\":\"https:\\\/\\\/autoyacht.pl\\\/#website\"},\"datePublished\":\"2017-03-22T14:41:05+00:00\",\"dateModified\":\"2020-02-13T17:13:45+00:00\",\"description\":\"Profesjonalny transport jacht\u00f3w i \u0142odzi motorowych oraz produkcja stojak\u00f3w pod jachty i \u0142odzie motorowe. Transport jacht\u00f3w po ca\u0142ej Europie, atrakcyjne ceny\",\"breadcrumb\":{\"@id\":\"http:\\\/\\\/autoyacht.pl\\\/en\\\/#breadcrumb\"},\"inLanguage\":\"en-GB\",\"potentialAction\":[{\"@type\":\"ReadAction\",\"target\":[\"http:\\\/\\\/autoyacht.pl\\\/en\\\/\"]}]},{\"@type\":\"BreadcrumbList\",\"@id\":\"http:\\\/\\\/autoyacht.pl\\\/en\\\/#breadcrumb\",\"itemListElement\":[{\"@type\":\"ListItem\",\"position\":1,\"name\":\"Strona g\u0142\u00f3wna\",\"item\":\"http:\\\/\\\/autoyacht.pl\\\/en\\\/\"},{\"@type\":\"ListItem\",\"position\":2,\"name\":\"Offer\"}]},{\"@type\":\"WebSite\",\"@id\":\"https:\\\/\\\/autoyacht.pl\\\/#website\",\"url\":\"https:\\\/\\\/autoyacht.pl\\\/\",\"name\":\"Auto-Yacht Transport Zenon Szyma\u0144ski\",\"description\":\"Transport jacht\u00f3w i \u0142odzi, oraz produkcja stojak\u00f3w i w\u00f3zk\u00f3w do zimowania\",\"potentialAction\":[{\"@type\":\"SearchAction\",\"target\":{\"@type\":\"EntryPoint\",\"urlTemplate\":\"https:\\\/\\\/autoyacht.pl\\\/?s={search_term_string}\"},\"query-input\":{\"@type\":\"PropertyValueSpecification\",\"valueRequired\":true,\"valueName\":\"search_term_string\"}}],\"inLanguage\":\"en-GB\"}]}<\/script>\n<!-- \/ Yoast SEO plugin. -->","yoast_head_json":{"title":"Offer","description":"Profesjonalny transport jacht\u00f3w i \u0142odzi motorowych oraz produkcja stojak\u00f3w pod jachty i \u0142odzie motorowe. Transport jacht\u00f3w po ca\u0142ej Europie, atrakcyjne ceny","robots":{"index":"index","follow":"follow","max-snippet":"max-snippet:-1","max-image-preview":"max-image-preview:large","max-video-preview":"max-video-preview:-1"},"canonical":"http:\/\/autoyacht.pl\/en\/","og_locale":"en_GB","og_type":"article","og_title":"Transport jacht\u00f3w i \u0142odzi - [:pl]Oferta[:en]Offer[:de]Angebot[:] - Auto-Yacht Transport Zenon Szyma\u0144ski","og_description":"Profesjonalny transport jacht\u00f3w i \u0142odzi motorowych oraz produkcja stojak\u00f3w pod jachty i \u0142odzie motorowe. Transport jacht\u00f3w po ca\u0142ej Europie, atrakcyjne ceny","og_url":"http:\/\/autoyacht.pl\/en\/","og_site_name":"Auto-Yacht Transport Zenon Szyma\u0144ski","article_modified_time":"2020-02-13T17:13:45+00:00","twitter_card":"summary_large_image","twitter_misc":{"Estimated reading time":"6 minutes"},"schema":{"@context":"https:\/\/schema.org","@graph":[{"@type":"WebPage","@id":"http:\/\/autoyacht.pl\/en\/","url":"http:\/\/autoyacht.pl\/en\/","name":"Offer","isPartOf":{"@id":"https:\/\/autoyacht.pl\/#website"},"datePublished":"2017-03-22T14:41:05+00:00","dateModified":"2020-02-13T17:13:45+00:00","description":"Profesjonalny transport jacht\u00f3w i \u0142odzi motorowych oraz produkcja stojak\u00f3w pod jachty i \u0142odzie motorowe. Transport jacht\u00f3w po ca\u0142ej Europie, atrakcyjne ceny","breadcrumb":{"@id":"http:\/\/autoyacht.pl\/en\/#breadcrumb"},"inLanguage":"en-GB","potentialAction":[{"@type":"ReadAction","target":["http:\/\/autoyacht.pl\/en\/"]}]},{"@type":"BreadcrumbList","@id":"http:\/\/autoyacht.pl\/en\/#breadcrumb","itemListElement":[{"@type":"ListItem","position":1,"name":"Strona g\u0142\u00f3wna","item":"http:\/\/autoyacht.pl\/en\/"},{"@type":"ListItem","position":2,"name":"Offer"}]},{"@type":"WebSite","@id":"https:\/\/autoyacht.pl\/#website","url":"https:\/\/autoyacht.pl\/","name":"Auto-Yacht Transport Zenon Szyma\u0144ski","description":"Transport jacht\u00f3w i \u0142odzi, oraz produkcja stojak\u00f3w i w\u00f3zk\u00f3w do zimowania","potentialAction":[{"@type":"SearchAction","target":{"@type":"EntryPoint","urlTemplate":"https:\/\/autoyacht.pl\/?s={search_term_string}"},"query-input":{"@type":"PropertyValueSpecification","valueRequired":true,"valueName":"search_term_string"}}],"inLanguage":"en-GB"}]}},"_links":{"self":[{"href":"http:\/\/autoyacht.pl\/en\/wp-json\/wp\/v2\/pages\/2","targetHints":{"allow":["GET"]}}],"collection":[{"href":"http:\/\/autoyacht.pl\/en\/wp-json\/wp\/v2\/pages"}],"about":[{"href":"http:\/\/autoyacht.pl\/en\/wp-json\/wp\/v2\/types\/page"}],"author":[{"embeddable":true,"href":"http:\/\/autoyacht.pl\/en\/wp-json\/wp\/v2\/users\/1"}],"replies":[{"embeddable":true,"href":"http:\/\/autoyacht.pl\/en\/wp-json\/wp\/v2\/comments?post=2"}],"version-history":[{"count":58,"href":"http:\/\/autoyacht.pl\/en\/wp-json\/wp\/v2\/pages\/2\/revisions"}],"predecessor-version":[{"id":1788,"href":"http:\/\/autoyacht.pl\/en\/wp-json\/wp\/v2\/pages\/2\/revisions\/1788"}],"wp:attachment":[{"href":"http:\/\/autoyacht.pl\/en\/wp-json\/wp\/v2\/media?parent=2"}],"curies":[{"name":"wp","href":"https:\/\/api.w.org\/{rel}","templated":true}]}}