{"id":53,"date":"2017-05-02T12:39:47","date_gmt":"2017-05-02T10:39:47","guid":{"rendered":"http:\/\/autoyacht.pl\/?page_id=53"},"modified":"2019-11-23T20:05:51","modified_gmt":"2019-11-23T19:05:51","slug":"galeria","status":"publish","type":"page","link":"http:\/\/autoyacht.pl\/en\/galeria\/","title":{"rendered":"Gallery"},"content":{"rendered":"<p>[vc_row][vc_column width=&#8221;1\/2&#8243;][vc_single_image image=&#8221;142&#8243; img_size=&#8221;full&#8221; add_caption=&#8221;yes&#8221; alignment=&#8221;center&#8221; onclick=&#8221;custom_link&#8221; css_animation=&#8221;fadeIn&#8221; link=&#8221;\/galeria\/galeria-transport\/&#8221;][vc_column_text]<\/p>\n<h3 style=\"text-align: center;\"><a href=\"\/galeria\/galeria-transport\/\">Transport jacht\u00f3w i \u0142odzi motorowych<\/a><\/h3>\n<p>[\/vc_column_text][vc_empty_space height=&#8221;35px&#8221;][\/vc_column][vc_column width=&#8221;1\/2&#8243;][vc_single_image image=&#8221;146&#8243; img_size=&#8221;full&#8221; alignment=&#8221;center&#8221; onclick=&#8221;custom_link&#8221; css_animation=&#8221;fadeIn&#8221; link=&#8221;\/galeria\/galeria-produkcja-przyczep-stojakow-do-jachtow-i-lodzi-motorowych\/&#8221;][vc_column_text]<\/p>\n<h3 style=\"text-align: center;\"><a href=\"\/galeria\/galeria-produkcja-przyczep-stojakow-do-jachtow-i-lodzi-motorowych\/\">Produkcja przyczep \/ stojak\u00f3w do jacht\u00f3w i \u0142odzi motorowych<\/a><\/h3>\n<p>[\/vc_column_text][\/vc_column][\/vc_row]<\/p>\n","protected":false},"excerpt":{"rendered":"<p>[vc_row][vc_column width=&#8221;1\/2&#8243;][vc_single_image image=&#8221;142&#8243; img_size=&#8221;full&#8221; add_caption=&#8221;yes&#8221; alignment=&#8221;center&#8221; onclick=&#8221;custom_link&#8221; css_animation=&#8221;fadeIn&#8221; link=&#8221;\/galeria\/galeria-transport\/&#8221;][vc_column_text] Transport jacht\u00f3w i \u0142odzi motorowych [\/vc_column_text][vc_empty_space height=&#8221;35px&#8221;][\/vc_column][vc_column width=&#8221;1\/2&#8243;][vc_single_image image=&#8221;146&#8243; img_size=&#8221;full&#8221; alignment=&#8221;center&#8221; onclick=&#8221;custom_link&#8221; css_animation=&#8221;fadeIn&#8221; link=&#8221;\/galeria\/galeria-produkcja-przyczep-stojakow-do-jachtow-i-lodzi-motorowych\/&#8221;][vc_column_text] Produkcja przyczep \/ stojak\u00f3w do jacht\u00f3w i \u0142odzi motorowych [\/vc_column_text][\/vc_column][\/vc_row]<\/p>\n","protected":false},"author":1,"featured_media":0,"parent":0,"menu_order":0,"comment_status":"closed","ping_status":"closed","template":"","meta":{"footnotes":""},"class_list":["post-53","page","type-page","status-publish","hentry","description-off"],"yoast_head":"<!-- This site is optimized with the Yoast SEO plugin v27.4 - https:\/\/yoast.com\/product\/yoast-seo-wordpress\/ -->\n<title>Gallery<\/title>\n<meta name=\"description\" content=\"Zdj\u0119cia z transportu jacht\u00f3w i \u0142odzi motorowych oraz produkcji stojak\u00f3w pod \u0142odzie i jachty - Auto-Yacht Transport Zenon Szyma\u0144ski, po Polsce i Europie\" \/>\n<meta name=\"robots\" content=\"index, follow, max-snippet:-1, max-image-preview:large, max-video-preview:-1\" \/>\n<link rel=\"canonical\" href=\"http:\/\/autoyacht.pl\/en\/galeria\/\" \/>\n<meta property=\"og:locale\" content=\"en_GB\" \/>\n<meta property=\"og:locale:alternate\" content=\"pl_PL\" \/>\n<meta property=\"og:locale:alternate\" content=\"de_DE\" \/>\n<meta property=\"og:type\" content=\"article\" \/>\n<meta property=\"og:title\" content=\"Gallery\" \/>\n<meta property=\"og:description\" content=\"[vc_row][vc_column width=&#8221;1\/2&#8243;][vc_single_image image=&#8221;142&#8243; img_size=&#8221;full&#8221; add_caption=&#8221;yes&#8221; alignment=&#8221;center&#8221; onclick=&#8221;custom_link&#8221; css_animation=&#8221;fadeIn&#8221; link=&#8221;\/galeria\/galeria-transport\/&#8221;][vc_column_text] Transport jacht\u00f3w i \u0142odzi motorowych [\/vc_column_text][vc_empty_space height=&#8221;35px&#8221;][\/vc_column][vc_column width=&#8221;1\/2&#8243;][vc_single_image image=&#8221;146&#8243; img_size=&#8221;full&#8221; alignment=&#8221;center&#8221; onclick=&#8221;custom_link&#8221; css_animation=&#8221;fadeIn&#8221; link=&#8221;\/galeria\/galeria-produkcja-przyczep-stojakow-do-jachtow-i-lodzi-motorowych\/&#8221;][vc_column_text] Produkcja przyczep \/ stojak\u00f3w do jacht\u00f3w i \u0142odzi motorowych [\/vc_column_text][\/vc_column][\/vc_row]\" \/>\n<meta property=\"og:url\" content=\"http:\/\/autoyacht.pl\/en\/galeria\/\" \/>\n<meta property=\"og:site_name\" content=\"Auto-Yacht Transport Zenon Szyma\u0144ski\" \/>\n<meta property=\"article:modified_time\" content=\"2019-11-23T19:05:51+00:00\" \/>\n<meta name=\"twitter:card\" content=\"summary_large_image\" \/>\n<meta name=\"twitter:label1\" content=\"Estimated reading time\" \/>\n\t<meta name=\"twitter:data1\" content=\"1 minute\" \/>\n<script type=\"application\/ld+json\" class=\"yoast-schema-graph\">{\"@context\":\"https:\\\/\\\/schema.org\",\"@graph\":[{\"@type\":\"WebPage\",\"@id\":\"http:\\\/\\\/autoyacht.pl\\\/galeria\\\/\",\"url\":\"http:\\\/\\\/autoyacht.pl\\\/galeria\\\/\",\"name\":\"Gallery\",\"isPartOf\":{\"@id\":\"http:\\\/\\\/autoyacht.pl\\\/en\\\/#website\"},\"datePublished\":\"2017-05-02T10:39:47+00:00\",\"dateModified\":\"2019-11-23T19:05:51+00:00\",\"breadcrumb\":{\"@id\":\"http:\\\/\\\/autoyacht.pl\\\/galeria\\\/#breadcrumb\"},\"inLanguage\":\"en-GB\",\"potentialAction\":[{\"@type\":\"ReadAction\",\"target\":[\"http:\\\/\\\/autoyacht.pl\\\/galeria\\\/\"]}]},{\"@type\":\"BreadcrumbList\",\"@id\":\"http:\\\/\\\/autoyacht.pl\\\/galeria\\\/#breadcrumb\",\"itemListElement\":[{\"@type\":\"ListItem\",\"position\":1,\"name\":\"Strona g\u0142\u00f3wna\",\"item\":\"http:\\\/\\\/autoyacht.pl\\\/en\\\/\"},{\"@type\":\"ListItem\",\"position\":2,\"name\":\"Galeria\"}]},{\"@type\":\"WebSite\",\"@id\":\"http:\\\/\\\/autoyacht.pl\\\/en\\\/#website\",\"url\":\"http:\\\/\\\/autoyacht.pl\\\/en\\\/\",\"name\":\"Auto-Yacht Transport Zenon Szyma\u0144ski\",\"description\":\"Transport jacht\u00f3w i \u0142odzi, oraz produkcja stojak\u00f3w i w\u00f3zk\u00f3w do zimowania\",\"potentialAction\":[{\"@type\":\"SearchAction\",\"target\":{\"@type\":\"EntryPoint\",\"urlTemplate\":\"http:\\\/\\\/autoyacht.pl\\\/en\\\/?s={search_term_string}\"},\"query-input\":{\"@type\":\"PropertyValueSpecification\",\"valueRequired\":true,\"valueName\":\"search_term_string\"}}],\"inLanguage\":\"en-GB\"}]}<\/script>\n<!-- \/ Yoast SEO plugin. -->","yoast_head_json":{"title":"Gallery","description":"Zdj\u0119cia z transportu jacht\u00f3w i \u0142odzi motorowych oraz produkcji stojak\u00f3w pod \u0142odzie i jachty - Auto-Yacht Transport Zenon Szyma\u0144ski, po Polsce i Europie","robots":{"index":"index","follow":"follow","max-snippet":"max-snippet:-1","max-image-preview":"max-image-preview:large","max-video-preview":"max-video-preview:-1"},"canonical":"http:\/\/autoyacht.pl\/en\/galeria\/","og_locale":"en_GB","og_type":"article","og_title":"[:pl]Galeria[:en]Gallery[:de]Galerie[:] - Auto-Yacht Transport Zenon Szyma\u0144ski","og_description":"[vc_row][vc_column width=&#8221;1\/2&#8243;][vc_single_image image=&#8221;142&#8243; img_size=&#8221;full&#8221; add_caption=&#8221;yes&#8221; alignment=&#8221;center&#8221; onclick=&#8221;custom_link&#8221; css_animation=&#8221;fadeIn&#8221; link=&#8221;\/galeria\/galeria-transport\/&#8221;][vc_column_text] Transport jacht\u00f3w i \u0142odzi motorowych [\/vc_column_text][vc_empty_space height=&#8221;35px&#8221;][\/vc_column][vc_column width=&#8221;1\/2&#8243;][vc_single_image image=&#8221;146&#8243; img_size=&#8221;full&#8221; alignment=&#8221;center&#8221; onclick=&#8221;custom_link&#8221; css_animation=&#8221;fadeIn&#8221; link=&#8221;\/galeria\/galeria-produkcja-przyczep-stojakow-do-jachtow-i-lodzi-motorowych\/&#8221;][vc_column_text] Produkcja przyczep \/ stojak\u00f3w do jacht\u00f3w i \u0142odzi motorowych [\/vc_column_text][\/vc_column][\/vc_row]","og_url":"http:\/\/autoyacht.pl\/en\/galeria\/","og_site_name":"Auto-Yacht Transport Zenon Szyma\u0144ski","article_modified_time":"2019-11-23T19:05:51+00:00","twitter_card":"summary_large_image","twitter_misc":{"Estimated reading time":"1 minute"},"schema":{"@context":"https:\/\/schema.org","@graph":[{"@type":"WebPage","@id":"http:\/\/autoyacht.pl\/galeria\/","url":"http:\/\/autoyacht.pl\/galeria\/","name":"Gallery","isPartOf":{"@id":"http:\/\/autoyacht.pl\/en\/#website"},"datePublished":"2017-05-02T10:39:47+00:00","dateModified":"2019-11-23T19:05:51+00:00","breadcrumb":{"@id":"http:\/\/autoyacht.pl\/galeria\/#breadcrumb"},"inLanguage":"en-GB","potentialAction":[{"@type":"ReadAction","target":["http:\/\/autoyacht.pl\/galeria\/"]}]},{"@type":"BreadcrumbList","@id":"http:\/\/autoyacht.pl\/galeria\/#breadcrumb","itemListElement":[{"@type":"ListItem","position":1,"name":"Strona g\u0142\u00f3wna","item":"http:\/\/autoyacht.pl\/en\/"},{"@type":"ListItem","position":2,"name":"Galeria"}]},{"@type":"WebSite","@id":"http:\/\/autoyacht.pl\/en\/#website","url":"http:\/\/autoyacht.pl\/en\/","name":"Auto-Yacht Transport Zenon Szyma\u0144ski","description":"Transport jacht\u00f3w i \u0142odzi, oraz produkcja stojak\u00f3w i w\u00f3zk\u00f3w do zimowania","potentialAction":[{"@type":"SearchAction","target":{"@type":"EntryPoint","urlTemplate":"http:\/\/autoyacht.pl\/en\/?s={search_term_string}"},"query-input":{"@type":"PropertyValueSpecification","valueRequired":true,"valueName":"search_term_string"}}],"inLanguage":"en-GB"}]}},"_links":{"self":[{"href":"http:\/\/autoyacht.pl\/en\/wp-json\/wp\/v2\/pages\/53","targetHints":{"allow":["GET"]}}],"collection":[{"href":"http:\/\/autoyacht.pl\/en\/wp-json\/wp\/v2\/pages"}],"about":[{"href":"http:\/\/autoyacht.pl\/en\/wp-json\/wp\/v2\/types\/page"}],"author":[{"embeddable":true,"href":"http:\/\/autoyacht.pl\/en\/wp-json\/wp\/v2\/users\/1"}],"replies":[{"embeddable":true,"href":"http:\/\/autoyacht.pl\/en\/wp-json\/wp\/v2\/comments?post=53"}],"version-history":[{"count":30,"href":"http:\/\/autoyacht.pl\/en\/wp-json\/wp\/v2\/pages\/53\/revisions"}],"predecessor-version":[{"id":1709,"href":"http:\/\/autoyacht.pl\/en\/wp-json\/wp\/v2\/pages\/53\/revisions\/1709"}],"wp:attachment":[{"href":"http:\/\/autoyacht.pl\/en\/wp-json\/wp\/v2\/media?parent=53"}],"curies":[{"name":"wp","href":"https:\/\/api.w.org\/{rel}","templated":true}]}}