{"id":60,"date":"2017-05-02T12:41:33","date_gmt":"2017-05-02T10:41:33","guid":{"rendered":"http:\/\/autoyacht.pl\/?page_id=60"},"modified":"2024-10-02T07:29:33","modified_gmt":"2024-10-02T05:29:33","slug":"kontakt","status":"publish","type":"page","link":"http:\/\/autoyacht.pl\/en\/kontakt\/","title":{"rendered":"Contact"},"content":{"rendered":"<p>[vc_row][vc_column width=&#8221;1\/3&#8243;][vc_column_text]<\/p>\n<h4 class=\"widget-title\">Auto-Yacht Zenon Szyma\u0144ski<\/h4>\n<div class=\"widget-info\">\n<p>ul. Rubinowa 5\/36<br \/>\n70-778 Szczecin<\/p>\n<p>Tel.: <strong>+48 91 46 41 417<\/strong><br \/>\nKom.: <b>+48 505 157 180<\/b><\/p>\n<p>email: <b><a href=\"mailto:autoyacht@interia.pl\">autoyacht@interia.pl<\/a><br \/>\n<a href=\"http:\/\/www.autoyacht.pl\">www.autoyacht.pl<\/a><\/b><\/p>\n<\/div>\n<p>[\/vc_column_text][vc_raw_html]JTNDaHIlM0U=[\/vc_raw_html][\/vc_column][vc_column width=&#8221;2\/3&#8243;][vc_column_text]<span class=\"tlid-translation translation\" lang=\"en\"><span class=\"\" title=\"\">In order to submit a query or simply contact us, please use the form below or data from the right column.<\/span><\/span>[\/vc_column_text][vc_empty_space][vc_column_text]\n<div class=\"wpcf7 no-js\" id=\"wpcf7-f1611-o1\" lang=\"pl-PL\" dir=\"ltr\" data-wpcf7-id=\"1611\">\n<div class=\"screen-reader-response\"><p role=\"status\" aria-live=\"polite\" aria-atomic=\"true\"><\/p> <ul><\/ul><\/div>\n<form action=\"\/en\/wp-json\/wp\/v2\/pages\/60#wpcf7-f1611-o1\" method=\"post\" class=\"wpcf7-form init\" aria-label=\"Formularz kontaktowy\" novalidate=\"novalidate\" data-status=\"init\">\n<fieldset class=\"hidden-fields-container\"><input type=\"hidden\" name=\"_wpcf7\" value=\"1611\" \/><input type=\"hidden\" name=\"_wpcf7_version\" value=\"6.1.5\" \/><input type=\"hidden\" name=\"_wpcf7_locale\" value=\"pl_PL\" \/><input type=\"hidden\" name=\"_wpcf7_unit_tag\" value=\"wpcf7-f1611-o1\" \/><input type=\"hidden\" name=\"_wpcf7_container_post\" value=\"0\" \/><input type=\"hidden\" name=\"_wpcf7_posted_data_hash\" value=\"\" \/><input type=\"hidden\" name=\"lang\" value=\"en\" \/><input type=\"hidden\" name=\"_wpcf7_recaptcha_response\" value=\"\" \/>\n<\/fieldset>\n<p><label> Name \/ Company name (*)<br \/>\n<span class=\"wpcf7-form-control-wrap\" data-name=\"your-name\"><input size=\"40\" maxlength=\"400\" class=\"wpcf7-form-control wpcf7-text wpcf7-validates-as-required\" aria-required=\"true\" aria-invalid=\"false\" value=\"\" type=\"text\" name=\"your-name\" \/><\/span> <\/label>\n<\/p>\n<p><label> Email (*)<br \/>\n<span class=\"wpcf7-form-control-wrap\" data-name=\"your-email\"><input size=\"40\" maxlength=\"400\" class=\"wpcf7-form-control wpcf7-email wpcf7-validates-as-required wpcf7-text wpcf7-validates-as-email\" aria-required=\"true\" aria-invalid=\"false\" value=\"\" type=\"email\" name=\"your-email\" \/><\/span> <\/label>\n<\/p>\n<p><label> Telephon (*)<br \/>\n<span class=\"wpcf7-form-control-wrap\" data-name=\"tel-798\"><input size=\"40\" maxlength=\"400\" class=\"wpcf7-form-control wpcf7-tel wpcf7-validates-as-required wpcf7-text wpcf7-validates-as-tel\" aria-required=\"true\" aria-invalid=\"false\" value=\"\" type=\"tel\" name=\"tel-798\" \/><\/span> <\/label>\n<\/p>\n<p><label> Kind of boat (*)<br \/>\n<span class=\"wpcf7-form-control-wrap\" data-name=\"menu-412\"><select class=\"wpcf7-form-control wpcf7-select wpcf7-validates-as-required\" aria-required=\"true\" aria-invalid=\"false\" name=\"menu-412\"><option value=\"\">&#8212;Prosz\u0119 wybra\u0107 opcj\u0119&#8212;<\/option><option value=\"Sailing yacht - Jacht \u017caglowy\">Sailing yacht - Jacht \u017caglowy<\/option><option value=\"Motor yacht - Jacht motorowy\">Motor yacht - Jacht motorowy<\/option><option value=\"Another - Inna\">Another - Inna<\/option><\/select><\/span> <\/label>\n<\/p>\n<p><label> Model of boat (*)<br \/>\n<span class=\"wpcf7-form-control-wrap\" data-name=\"model-627\"><input size=\"40\" maxlength=\"400\" class=\"wpcf7-form-control wpcf7-text wpcf7-validates-as-required\" aria-required=\"true\" aria-invalid=\"false\" value=\"\" type=\"text\" name=\"model-627\" \/><\/span> <\/label>\n<\/p>\n<p><label> Year of production<br \/>\n<span class=\"wpcf7-form-control-wrap\" data-name=\"rokprod-627\"><input size=\"40\" maxlength=\"400\" class=\"wpcf7-form-control wpcf7-text\" aria-invalid=\"false\" value=\"\" type=\"text\" name=\"rokprod-627\" \/><\/span> <\/label>\n<\/p>\n<p><label> Boat length<br \/>\n<span class=\"wpcf7-form-control-wrap\" data-name=\"dlugosc-627\"><input size=\"40\" maxlength=\"400\" class=\"wpcf7-form-control wpcf7-text\" aria-invalid=\"false\" value=\"\" type=\"text\" name=\"dlugosc-627\" \/><\/span> <\/label>\n<\/p>\n<p><label> Boat width<br \/>\n<span class=\"wpcf7-form-control-wrap\" data-name=\"szerokosc-627\"><input size=\"40\" maxlength=\"400\" class=\"wpcf7-form-control wpcf7-text\" aria-invalid=\"false\" value=\"\" type=\"text\" name=\"szerokosc-627\" \/><\/span> <\/label>\n<\/p>\n<p><label> Depth of immersion<br \/>\n<span class=\"wpcf7-form-control-wrap\" data-name=\"glebokosc-627\"><input size=\"40\" maxlength=\"400\" class=\"wpcf7-form-control wpcf7-text\" aria-invalid=\"false\" value=\"\" type=\"text\" name=\"glebokosc-627\" \/><\/span> <\/label>\n<\/p>\n<p><label> Boat weight<br \/>\n<span class=\"wpcf7-form-control-wrap\" data-name=\"waga-627\"><input size=\"40\" maxlength=\"400\" class=\"wpcf7-form-control wpcf7-text\" aria-invalid=\"false\" value=\"\" type=\"text\" name=\"waga-627\" \/><\/span> <\/label>\n<\/p>\n<p><label> Mast height<br \/>\n<span class=\"wpcf7-form-control-wrap\" data-name=\"maszt-627\"><input size=\"40\" maxlength=\"400\" class=\"wpcf7-form-control wpcf7-text\" aria-invalid=\"false\" value=\"\" type=\"text\" name=\"maszt-627\" \/><\/span> <\/label>\n<\/p>\n<p><label> Country of loading (*)<br \/>\n<span class=\"wpcf7-form-control-wrap\" data-name=\"krajzaladunku-627\"><input size=\"40\" maxlength=\"400\" class=\"wpcf7-form-control wpcf7-text wpcf7-validates-as-required\" aria-required=\"true\" aria-invalid=\"false\" value=\"\" type=\"text\" name=\"krajzaladunku-627\" \/><\/span> <\/label>\n<\/p>\n<p><label> City, postcode<br \/>\n<span class=\"wpcf7-form-control-wrap\" data-name=\"miastozalad-627\"><input size=\"40\" maxlength=\"400\" class=\"wpcf7-form-control wpcf7-text\" aria-invalid=\"false\" value=\"\" type=\"text\" name=\"miastozalad-627\" \/><\/span> <\/label>\n<\/p>\n<p><label> Street, number<br \/>\n<span class=\"wpcf7-form-control-wrap\" data-name=\"ulcazalad-627\"><input size=\"40\" maxlength=\"400\" class=\"wpcf7-form-control wpcf7-text\" aria-invalid=\"false\" value=\"\" type=\"text\" name=\"ulcazalad-627\" \/><\/span> <\/label>\n<\/p>\n<p><label> Country of unloading (*)<br \/>\n<span class=\"wpcf7-form-control-wrap\" data-name=\"krajrozladunku-627\"><input size=\"40\" maxlength=\"400\" class=\"wpcf7-form-control wpcf7-text wpcf7-validates-as-required\" aria-required=\"true\" aria-invalid=\"false\" value=\"\" type=\"text\" name=\"krajrozladunku-627\" \/><\/span> <\/label>\n<\/p>\n<p><label> City, postcode<br \/>\n<span class=\"wpcf7-form-control-wrap\" data-name=\"miastorozlad-627\"><input size=\"40\" maxlength=\"400\" class=\"wpcf7-form-control wpcf7-text\" aria-invalid=\"false\" value=\"\" type=\"text\" name=\"miastorozlad-627\" \/><\/span> <\/label>\n<\/p>\n<p><label> Street, number<br \/>\n<span class=\"wpcf7-form-control-wrap\" data-name=\"ulcarozlad-627\"><input size=\"40\" maxlength=\"400\" class=\"wpcf7-form-control wpcf7-text\" aria-invalid=\"false\" value=\"\" type=\"text\" name=\"ulcarozlad-627\" \/><\/span> <\/label>\n<\/p>\n<p><label> Date of transport<br \/>\n<span class=\"wpcf7-form-control-wrap\" data-name=\"text-925\"><input size=\"40\" maxlength=\"400\" class=\"wpcf7-form-control wpcf7-text wpcf7-validates-as-required\" aria-required=\"true\" aria-invalid=\"false\" value=\"\" type=\"text\" name=\"text-925\" \/><\/span> <\/label>\n<\/p>\n<p><label> Additional remarks<br \/>\n<span class=\"wpcf7-form-control-wrap\" data-name=\"your-message\"><textarea cols=\"40\" rows=\"10\" maxlength=\"2000\" class=\"wpcf7-form-control wpcf7-textarea\" aria-invalid=\"false\" name=\"your-message\"><\/textarea><\/span> <\/label>\n<\/p>\n<p><input class=\"wpcf7-form-control wpcf7-submit has-spinner\" type=\"submit\" value=\"Send\" \/>\n<\/p><div class=\"wpcf7-response-output\" aria-hidden=\"true\"><\/div>\n<\/form>\n<\/div>\n[\/vc_column_text][\/vc_column][\/vc_row][vc_row][vc_column][vc_empty_space][vc_raw_html]JTNDaHIlM0U=[\/vc_raw_html][vc_column_text]<\/p>\n<h4>Clients about us<\/h4>\n<p>[\/vc_column_text][vc_empty_space]<div class=\"wf-container loading-effect-none iso-container\" data-padding=\"20px\" data-cur-page=\"1\" data-width=\"370px\" data-columns=\"2\">\n<div class=\"wf-cell iso-item\" data-date=\"2018-03-29T13:19:06+02:00\" data-name=\"Przemys\u0142aw Goch, rene-pg@wp.pl\" data-post-id=\"186\">\n<div class=\"testimonial-item\">\n\t<article>\n\t<div class=\"testimonial-content\"><p>Legnica, 24.10.2009r.<br \/>\nMog\u0119 z czystym sumieniem poleci\u0107 wytw\u00f3rc\u0119 stojaka pod m\u00f3j jacht-profesjonalne wykonanie,dobry kontakt,rzetelno\u015b\u0107,pomoc przy monta\u017cu. Waga jachtu 3.700 kg.<br \/>\nPrzemys\u0142aw Goch<\/p>\n<\/div>\n\t<div class=\"testimonial-vcard\"><div class=\"wf-td\"><span class=\"alignleft no-avatar\"><\/span><\/div><div class=\"wf-td\"><span class=\"text-primary\">Przemys\u0142aw Goch, rene-pg@wp.pl<\/span><br \/><\/div><\/div>\n<\/article>\n<\/div>\n\n<\/div>\n<div class=\"wf-cell iso-item\" data-date=\"2018-03-29T13:36:59+02:00\" data-name=\"Tolek Gronet, drponytg@wp.pl\" data-post-id=\"203\">\n<div class=\"testimonial-item\">\n\t<article>\n\t<div class=\"testimonial-content\"><p>Szanowny Panie,<br \/>\nchcia\u0142bym jeszcze raz serdecznie Panu podzi\u0119kowa\u0107 za profesjonalnie i<br \/>\nsprawnie wykonan\u0105 w grudniu 2009 r.us\u0142ug\u0119 transportu yachtu typ COLVOC WATSON 25 z po\u0142udnia Anglii, marina Rossiter Yachts. Mimo k\u0142opotliwego \u0142adunku skrajne parametry \u0142odzi i 3tys.km trasy, wykona\u0142 Pan us\u0142ug\u0119 wzorcowo bez najmniejszego uszkodzenia szybko i sprawnie. Polecam wszystkim Pa\u0144skie us\u0142ugi.<\/p>\n<p>Z wyrazami szacunku TD Gronet<\/p>\n<\/div>\n\t<div class=\"testimonial-vcard\"><div class=\"wf-td\"><span class=\"alignleft no-avatar\"><\/span><\/div><div class=\"wf-td\"><span class=\"text-primary\">Tolek Gronet, drponytg@wp.pl<\/span><br \/><\/div><\/div>\n<\/article>\n<\/div>\n\n<\/div><\/div>[\/vc_column][\/vc_row]<\/p>\n","protected":false},"excerpt":{"rendered":"<p>[vc_row][vc_column width=&#8221;1\/3&#8243;][vc_column_text] Auto-Yacht Zenon Szyma\u0144ski ul. Rubinowa 5\/36 70-778 Szczecin Tel.: +48 91 46 41 417 Kom.: +48 505 157 180 email: autoyacht@interia.pl www.autoyacht.pl [\/vc_column_text][vc_raw_html]JTNDaHIlM0U=[\/vc_raw_html][\/vc_column][vc_column width=&#8221;2\/3&#8243;][vc_column_text]In order to submit a query or simply contact us, please use the form below or data from the right column.[\/vc_column_text][vc_empty_space][vc_column_text][\/vc_column_text][\/vc_column][\/vc_row][vc_row][vc_column][vc_empty_space][vc_raw_html]JTNDaHIlM0U=[\/vc_raw_html][vc_column_text] Clients about us [\/vc_column_text][vc_empty_space][\/vc_column][\/vc_row]<\/p>\n","protected":false},"author":1,"featured_media":0,"parent":0,"menu_order":0,"comment_status":"closed","ping_status":"closed","template":"","meta":{"footnotes":""},"class_list":["post-60","page","type-page","status-publish","hentry","description-off"],"yoast_head":"<!-- This site is optimized with the Yoast SEO plugin v27.4 - https:\/\/yoast.com\/product\/yoast-seo-wordpress\/ -->\n<title>Contact<\/title>\n<meta name=\"description\" content=\"Zapraszamy do kontaktu ws. transportu jacht\u00f3w i \u0142odzi motorowych oraz produkcji stojak\u00f3w pod jachty i \u0142odzie. Oferujemy us\u0142ugi i produkty najwy\u017cszej jako\u015bci\" \/>\n<meta name=\"robots\" content=\"index, follow, max-snippet:-1, max-image-preview:large, max-video-preview:-1\" \/>\n<link rel=\"canonical\" href=\"https:\/\/autoyacht.pl\/kontakt\/\" \/>\n<meta property=\"og:locale\" content=\"en_GB\" \/>\n<meta property=\"og:locale:alternate\" content=\"pl_PL\" \/>\n<meta property=\"og:locale:alternate\" content=\"de_DE\" \/>\n<meta property=\"og:type\" content=\"article\" \/>\n<meta property=\"og:title\" content=\"Contact\" \/>\n<meta property=\"og:description\" content=\"Zapraszamy do kontaktu ws. transportu jacht\u00f3w i \u0142odzi motorowych oraz produkcji stojak\u00f3w pod jachty i \u0142odzie. Oferujemy us\u0142ugi i produkty najwy\u017cszej jako\u015bci\" \/>\n<meta property=\"og:url\" content=\"http:\/\/autoyacht.pl\/en\/kontakt\/\" \/>\n<meta property=\"og:site_name\" content=\"Auto-Yacht Transport Zenon Szyma\u0144ski\" \/>\n<meta property=\"article:modified_time\" content=\"2024-10-02T05:29:33+00:00\" \/>\n<meta name=\"twitter:card\" content=\"summary_large_image\" \/>\n<meta name=\"twitter:label1\" content=\"Estimated reading time\" \/>\n\t<meta name=\"twitter:data1\" content=\"1 minute\" \/>\n<script type=\"application\/ld+json\" class=\"yoast-schema-graph\">{\"@context\":\"https:\\\/\\\/schema.org\",\"@graph\":[{\"@type\":\"WebPage\",\"@id\":\"https:\\\/\\\/autoyacht.pl\\\/kontakt\\\/\",\"url\":\"https:\\\/\\\/autoyacht.pl\\\/kontakt\\\/\",\"name\":\"Contact\",\"isPartOf\":{\"@id\":\"http:\\\/\\\/autoyacht.pl\\\/en\\\/#website\"},\"datePublished\":\"2017-05-02T10:41:33+00:00\",\"dateModified\":\"2024-10-02T05:29:33+00:00\",\"description\":\"Zapraszamy do kontaktu ws. transportu jacht\u00f3w i \u0142odzi motorowych oraz produkcji stojak\u00f3w pod jachty i \u0142odzie. Oferujemy us\u0142ugi i produkty najwy\u017cszej jako\u015bci\",\"breadcrumb\":{\"@id\":\"https:\\\/\\\/autoyacht.pl\\\/kontakt\\\/#breadcrumb\"},\"inLanguage\":\"en-GB\",\"potentialAction\":[{\"@type\":\"ReadAction\",\"target\":[\"https:\\\/\\\/autoyacht.pl\\\/kontakt\\\/\"]}]},{\"@type\":\"BreadcrumbList\",\"@id\":\"https:\\\/\\\/autoyacht.pl\\\/kontakt\\\/#breadcrumb\",\"itemListElement\":[{\"@type\":\"ListItem\",\"position\":1,\"name\":\"Strona g\u0142\u00f3wna\",\"item\":\"http:\\\/\\\/autoyacht.pl\\\/en\\\/\"},{\"@type\":\"ListItem\",\"position\":2,\"name\":\"Kontakt\"}]},{\"@type\":\"WebSite\",\"@id\":\"http:\\\/\\\/autoyacht.pl\\\/en\\\/#website\",\"url\":\"http:\\\/\\\/autoyacht.pl\\\/en\\\/\",\"name\":\"Auto-Yacht Transport Zenon Szyma\u0144ski\",\"description\":\"Transport jacht\u00f3w i \u0142odzi, oraz produkcja stojak\u00f3w i w\u00f3zk\u00f3w do zimowania\",\"potentialAction\":[{\"@type\":\"SearchAction\",\"target\":{\"@type\":\"EntryPoint\",\"urlTemplate\":\"http:\\\/\\\/autoyacht.pl\\\/en\\\/?s={search_term_string}\"},\"query-input\":{\"@type\":\"PropertyValueSpecification\",\"valueRequired\":true,\"valueName\":\"search_term_string\"}}],\"inLanguage\":\"en-GB\"}]}<\/script>\n<!-- \/ Yoast SEO plugin. -->","yoast_head_json":{"title":"Contact","description":"Zapraszamy do kontaktu ws. transportu jacht\u00f3w i \u0142odzi motorowych oraz produkcji stojak\u00f3w pod jachty i \u0142odzie. Oferujemy us\u0142ugi i produkty najwy\u017cszej jako\u015bci","robots":{"index":"index","follow":"follow","max-snippet":"max-snippet:-1","max-image-preview":"max-image-preview:large","max-video-preview":"max-video-preview:-1"},"canonical":"https:\/\/autoyacht.pl\/kontakt\/","og_locale":"en_GB","og_type":"article","og_title":"Transport jacht\u00f3w, \u0142odzi - [:pl]Kontakt[:en]Contact[:de]Kontakt[:] - Auto-Yacht Transport Zenon Szyma\u0144ski","og_description":"Zapraszamy do kontaktu ws. transportu jacht\u00f3w i \u0142odzi motorowych oraz produkcji stojak\u00f3w pod jachty i \u0142odzie. Oferujemy us\u0142ugi i produkty najwy\u017cszej jako\u015bci","og_url":"http:\/\/autoyacht.pl\/en\/kontakt\/","og_site_name":"Auto-Yacht Transport Zenon Szyma\u0144ski","article_modified_time":"2024-10-02T05:29:33+00:00","twitter_card":"summary_large_image","twitter_misc":{"Estimated reading time":"1 minute"},"schema":{"@context":"https:\/\/schema.org","@graph":[{"@type":"WebPage","@id":"https:\/\/autoyacht.pl\/kontakt\/","url":"https:\/\/autoyacht.pl\/kontakt\/","name":"Contact","isPartOf":{"@id":"http:\/\/autoyacht.pl\/en\/#website"},"datePublished":"2017-05-02T10:41:33+00:00","dateModified":"2024-10-02T05:29:33+00:00","description":"Zapraszamy do kontaktu ws. transportu jacht\u00f3w i \u0142odzi motorowych oraz produkcji stojak\u00f3w pod jachty i \u0142odzie. Oferujemy us\u0142ugi i produkty najwy\u017cszej jako\u015bci","breadcrumb":{"@id":"https:\/\/autoyacht.pl\/kontakt\/#breadcrumb"},"inLanguage":"en-GB","potentialAction":[{"@type":"ReadAction","target":["https:\/\/autoyacht.pl\/kontakt\/"]}]},{"@type":"BreadcrumbList","@id":"https:\/\/autoyacht.pl\/kontakt\/#breadcrumb","itemListElement":[{"@type":"ListItem","position":1,"name":"Strona g\u0142\u00f3wna","item":"http:\/\/autoyacht.pl\/en\/"},{"@type":"ListItem","position":2,"name":"Kontakt"}]},{"@type":"WebSite","@id":"http:\/\/autoyacht.pl\/en\/#website","url":"http:\/\/autoyacht.pl\/en\/","name":"Auto-Yacht Transport Zenon Szyma\u0144ski","description":"Transport jacht\u00f3w i \u0142odzi, oraz produkcja stojak\u00f3w i w\u00f3zk\u00f3w do zimowania","potentialAction":[{"@type":"SearchAction","target":{"@type":"EntryPoint","urlTemplate":"http:\/\/autoyacht.pl\/en\/?s={search_term_string}"},"query-input":{"@type":"PropertyValueSpecification","valueRequired":true,"valueName":"search_term_string"}}],"inLanguage":"en-GB"}]}},"_links":{"self":[{"href":"http:\/\/autoyacht.pl\/en\/wp-json\/wp\/v2\/pages\/60","targetHints":{"allow":["GET"]}}],"collection":[{"href":"http:\/\/autoyacht.pl\/en\/wp-json\/wp\/v2\/pages"}],"about":[{"href":"http:\/\/autoyacht.pl\/en\/wp-json\/wp\/v2\/types\/page"}],"author":[{"embeddable":true,"href":"http:\/\/autoyacht.pl\/en\/wp-json\/wp\/v2\/users\/1"}],"replies":[{"embeddable":true,"href":"http:\/\/autoyacht.pl\/en\/wp-json\/wp\/v2\/comments?post=60"}],"version-history":[{"count":37,"href":"http:\/\/autoyacht.pl\/en\/wp-json\/wp\/v2\/pages\/60\/revisions"}],"predecessor-version":[{"id":2164,"href":"http:\/\/autoyacht.pl\/en\/wp-json\/wp\/v2\/pages\/60\/revisions\/2164"}],"wp:attachment":[{"href":"http:\/\/autoyacht.pl\/en\/wp-json\/wp\/v2\/media?parent=60"}],"curies":[{"name":"wp","href":"https:\/\/api.w.org\/{rel}","templated":true}]}}